{"id":2,"date":"2023-03-13T20:20:13","date_gmt":"2023-03-13T20:20:13","guid":{"rendered":"https:\/\/valtereduca.com.br\/?page_id=2"},"modified":"2026-02-18T23:46:49","modified_gmt":"2026-02-18T23:46:49","slug":"sample-page","status":"publish","type":"page","link":"https:\/\/valtereduca.com.br\/index.php\/sample-page\/","title":{"rendered":"Quem sou eu"},"content":{"rendered":"\n<p>Sou <strong>Valter Rufino<\/strong>, educador, reorganizar e planejador financeiro apaixonado por transformar vidas atrav\u00e9s da <strong>educa\u00e7\u00e3o financeira<\/strong>. Acredito que aprender a lidar com o dinheiro vai muito al\u00e9m de n\u00fameros: \u00e9 sobre liberdade, escolhas conscientes e a constru\u00e7\u00e3o de um futuro mais seguro e pr\u00f3spero.<\/p>\n\n\n\n<p>Criei o <strong>ValterEduca<\/strong> como um espa\u00e7o de partilha e inspira\u00e7\u00e3o, onde ensino de forma pr\u00e1tica e acess\u00edvel como organizar finan\u00e7as, investir com intelig\u00eancia e desenvolver uma mentalidade de mudan\u00e7a. Minha miss\u00e3o \u00e9 mostrar que qualquer pessoa pode conquistar estabilidade e realizar seus sonhos quando aprende a usar o conhecimento como ferramenta de transforma\u00e7\u00e3o.<\/p>\n\n\n\n<p>Ao longo da minha trajet\u00f3ria, percebi que falar de dinheiro \u00e9 tamb\u00e9m falar de autoestima, de oportunidades e de esperan\u00e7a. Por isso, cada conte\u00fado que produzo carrega a ideia de que <strong>educar financeiramente \u00e9 empoderar pessoas<\/strong> \u2014 e esse \u00e9 o prop\u00f3sito que guia meu trabalho todos os dias.<\/p>\n\n\n\n<p>Mais do que ensinar t\u00e9cnicas, quero despertar em cada pessoa a confian\u00e7a de que \u00e9 poss\u00edvel mudar sua realidade. Porque quando entendemos o valor do conhecimento e do planejamento, descobrimos que o futuro n\u00e3o \u00e9 um acaso, mas uma constru\u00e7\u00e3o.<\/p>\n\n\n\n<blockquote class=\"wp-block-quote is-layout-flow wp-block-quote-is-layout-flow\"><\/blockquote>\n","protected":false},"excerpt":{"rendered":"<p>Sou Valter Rufino, educador, reorganizar e planejador financeiro apaixonado por transformar vidas atrav\u00e9s da educa\u00e7\u00e3o financeira. Acredito que aprender a lidar com o dinheiro vai muito al\u00e9m de n\u00fameros: \u00e9 sobre liberdade, escolhas conscientes e a constru\u00e7\u00e3o de um futuro mais seguro e pr\u00f3spero. Criei o ValterEduca como um espa\u00e7o de partilha e inspira\u00e7\u00e3o, onde&#8230;<\/p>\n","protected":false},"author":1,"featured_media":0,"parent":0,"menu_order":0,"comment_status":"closed","ping_status":"open","template":"","meta":{"footnotes":""},"class_list":["post-2","page","type-page","status-publish","hentry"],"_links":{"self":[{"href":"https:\/\/valtereduca.com.br\/index.php\/wp-json\/wp\/v2\/pages\/2","targetHints":{"allow":["GET"]}}],"collection":[{"href":"https:\/\/valtereduca.com.br\/index.php\/wp-json\/wp\/v2\/pages"}],"about":[{"href":"https:\/\/valtereduca.com.br\/index.php\/wp-json\/wp\/v2\/types\/page"}],"author":[{"embeddable":true,"href":"https:\/\/valtereduca.com.br\/index.php\/wp-json\/wp\/v2\/users\/1"}],"replies":[{"embeddable":true,"href":"https:\/\/valtereduca.com.br\/index.php\/wp-json\/wp\/v2\/comments?post=2"}],"version-history":[{"count":3,"href":"https:\/\/valtereduca.com.br\/index.php\/wp-json\/wp\/v2\/pages\/2\/revisions"}],"predecessor-version":[{"id":121,"href":"https:\/\/valtereduca.com.br\/index.php\/wp-json\/wp\/v2\/pages\/2\/revisions\/121"}],"wp:attachment":[{"href":"https:\/\/valtereduca.com.br\/index.php\/wp-json\/wp\/v2\/media?parent=2"}],"curies":[{"name":"wp","href":"https:\/\/api.w.org\/{rel}","templated":true}]}}